{"id":231,"date":"2022-01-19T15:03:15","date_gmt":"2022-01-19T14:03:15","guid":{"rendered":"https:\/\/www.juriplus.pro\/?page_id=231"},"modified":"2022-01-19T15:19:48","modified_gmt":"2022-01-19T14:19:48","slug":"actualites","status":"publish","type":"page","link":"https:\/\/www.juriplus.pro\/index.php\/actualites\/","title":{"rendered":"Actualit\u00e9s"},"content":{"rendered":"\t\t<div data-elementor-type=\"wp-page\" data-elementor-id=\"231\" class=\"elementor elementor-231\" data-elementor-post-type=\"page\">\n\t\t\t\t\t\t<section class=\"elementor-section elementor-top-section elementor-element elementor-element-67669b5 elementor-section-boxed elementor-section-height-default elementor-section-height-default\" data-id=\"67669b5\" data-element_type=\"section\">\n\t\t\t\t\t\t<div class=\"elementor-container elementor-column-gap-default\">\n\t\t\t\t\t<div class=\"elementor-column elementor-col-100 elementor-top-column elementor-element elementor-element-83634dc\" data-id=\"83634dc\" data-element_type=\"column\">\n\t\t\t<div class=\"elementor-widget-wrap elementor-element-populated\">\n\t\t\t\t\t\t<div class=\"elementor-element elementor-element-899b372 elementor-posts--align-center elementor-grid-3 elementor-grid-tablet-2 elementor-grid-mobile-1 elementor-posts--thumbnail-top elementor-card-shadow-yes elementor-posts__hover-gradient elementor-widget elementor-widget-posts\" data-id=\"899b372\" data-element_type=\"widget\" data-settings=\"{&quot;pagination_type&quot;:&quot;numbers&quot;,&quot;cards_columns&quot;:&quot;3&quot;,&quot;cards_columns_tablet&quot;:&quot;2&quot;,&quot;cards_columns_mobile&quot;:&quot;1&quot;,&quot;cards_row_gap&quot;:{&quot;unit&quot;:&quot;px&quot;,&quot;size&quot;:35,&quot;sizes&quot;:[]},&quot;cards_row_gap_tablet&quot;:{&quot;unit&quot;:&quot;px&quot;,&quot;size&quot;:&quot;&quot;,&quot;sizes&quot;:[]},&quot;cards_row_gap_mobile&quot;:{&quot;unit&quot;:&quot;px&quot;,&quot;size&quot;:&quot;&quot;,&quot;sizes&quot;:[]}}\" data-widget_type=\"posts.cards\">\n\t\t\t\t<div class=\"elementor-widget-container\">\n\t\t\t\t\t\t\t<div class=\"elementor-posts-container elementor-posts elementor-posts--skin-cards elementor-grid\">\n\t\t\t\t<article class=\"elementor-post elementor-grid-item post-1 post type-post status-publish format-standard has-post-thumbnail hentry category-uncategorized\">\n\t\t\t<div class=\"elementor-post__card\">\n\t\t\t\t<a class=\"elementor-post__thumbnail__link\" href=\"https:\/\/www.juriplus.pro\/index.php\/les-marches-publics-face-a-la-flambee-des-prix-et-au-risque-de-penurie-des-matieres-premieres\/\" tabindex=\"-1\" ><div class=\"elementor-post__thumbnail\"><img decoding=\"async\" width=\"286\" height=\"166\" src=\"https:\/\/www.juriplus.pro\/wp-content\/uploads\/2022\/01\/Image1.jpg\" class=\"attachment-medium size-medium wp-image-506\" alt=\"les march\u00e9s publics\" \/><\/div><\/a>\n\t\t\t\t<div class=\"elementor-post__text\">\n\t\t\t\t<h3 class=\"elementor-post__title\">\n\t\t\t<a href=\"https:\/\/www.juriplus.pro\/index.php\/les-marches-publics-face-a-la-flambee-des-prix-et-au-risque-de-penurie-des-matieres-premieres\/\" >\n\t\t\t\tLes march\u00e9s publics face \u00e0 la flamb\u00e9e des prix et au risque de p\u00e9nurie des mati\u00e8res premi\u00e8res\t\t\t<\/a>\n\t\t<\/h3>\n\t\t\t\t<div class=\"elementor-post__excerpt\">\n\t\t\t<p>Le Premier Ministre a publi\u00e9 le 30 mars dernier une circulaire visant \u00e0 sensibiliser les collectivit\u00e9s locales et leurs \u00e9tablissements publics sur l\u2019inflation des prix<\/p>\n\t\t<\/div>\n\t\t\n\t\t<a class=\"elementor-post__read-more\" href=\"https:\/\/www.juriplus.pro\/index.php\/les-marches-publics-face-a-la-flambee-des-prix-et-au-risque-de-penurie-des-matieres-premieres\/\" aria-label=\"En savoir plus sur Les march\u00e9s publics face \u00e0 la flamb\u00e9e des prix et au risque de p\u00e9nurie des mati\u00e8res premi\u00e8res\" tabindex=\"-1\" >\n\t\t\tVOIR PLUS\t\t<\/a>\n\n\t\t\t\t<\/div>\n\t\t\t\t\t<\/div>\n\t\t<\/article>\n\t\t\t\t<\/div>\n\t\t\n\t\t\t\t\t\t<\/div>\n\t\t\t\t<\/div>\n\t\t\t\t\t<\/div>\n\t\t<\/div>\n\t\t\t\t\t<\/div>\n\t\t<\/section>\n\t\t\t\t<\/div>\n\t\t","protected":false},"excerpt":{"rendered":"","protected":false},"author":1,"featured_media":0,"parent":0,"menu_order":0,"comment_status":"closed","ping_status":"closed","template":"","meta":{"footnotes":""},"class_list":["post-231","page","type-page","status-publish","hentry"],"_links":{"self":[{"href":"https:\/\/www.juriplus.pro\/index.php\/wp-json\/wp\/v2\/pages\/231","targetHints":{"allow":["GET"]}}],"collection":[{"href":"https:\/\/www.juriplus.pro\/index.php\/wp-json\/wp\/v2\/pages"}],"about":[{"href":"https:\/\/www.juriplus.pro\/index.php\/wp-json\/wp\/v2\/types\/page"}],"author":[{"embeddable":true,"href":"https:\/\/www.juriplus.pro\/index.php\/wp-json\/wp\/v2\/users\/1"}],"replies":[{"embeddable":true,"href":"https:\/\/www.juriplus.pro\/index.php\/wp-json\/wp\/v2\/comments?post=231"}],"version-history":[{"count":4,"href":"https:\/\/www.juriplus.pro\/index.php\/wp-json\/wp\/v2\/pages\/231\/revisions"}],"predecessor-version":[{"id":243,"href":"https:\/\/www.juriplus.pro\/index.php\/wp-json\/wp\/v2\/pages\/231\/revisions\/243"}],"wp:attachment":[{"href":"https:\/\/www.juriplus.pro\/index.php\/wp-json\/wp\/v2\/media?parent=231"}],"curies":[{"name":"wp","href":"https:\/\/api.w.org\/{rel}","templated":true}]}}