{"id":3,"date":"2022-01-14T12:40:50","date_gmt":"2022-01-14T12:40:50","guid":{"rendered":"https:\/\/www.juriplus.pro\/?page_id=3"},"modified":"2022-04-12T14:26:03","modified_gmt":"2022-04-12T12:26:03","slug":"mentions-legales","status":"publish","type":"page","link":"https:\/\/www.juriplus.pro\/index.php\/mentions-legales\/","title":{"rendered":"Mentions L\u00e9gales"},"content":{"rendered":"\t\t<div data-elementor-type=\"wp-page\" data-elementor-id=\"3\" class=\"elementor elementor-3\" data-elementor-post-type=\"page\">\n\t\t\t\t\t\t<section class=\"elementor-section elementor-top-section elementor-element elementor-element-3189cb3 elementor-section-boxed elementor-section-height-default elementor-section-height-default\" data-id=\"3189cb3\" data-element_type=\"section\">\n\t\t\t\t\t\t<div class=\"elementor-container elementor-column-gap-default\">\n\t\t\t\t\t<div class=\"elementor-column elementor-col-100 elementor-top-column elementor-element elementor-element-716b08a\" data-id=\"716b08a\" data-element_type=\"column\">\n\t\t\t<div class=\"elementor-widget-wrap elementor-element-populated\">\n\t\t\t\t\t\t<div class=\"elementor-element elementor-element-9e85c41 elementor-widget elementor-widget-heading\" data-id=\"9e85c41\" data-element_type=\"widget\" data-widget_type=\"heading.default\">\n\t\t\t\t<div class=\"elementor-widget-container\">\n\t\t\t\t\t<h2 class=\"elementor-heading-title elementor-size-default\">Mentions L\u00e9gales<\/h2>\t\t\t\t<\/div>\n\t\t\t\t<\/div>\n\t\t\t\t<div class=\"elementor-element elementor-element-1e1c512 elementor-widget elementor-widget-text-editor\" data-id=\"1e1c512\" data-element_type=\"widget\" data-widget_type=\"text-editor.default\">\n\t\t\t\t<div class=\"elementor-widget-container\">\n\t\t\t\t\t\t\t\t\t<p><b>Le pr\u00e9sent site est la propri\u00e9t\u00e9 de :<\/b><\/p><p><span style=\"font-weight: 400;\">Juri Plus<\/span><\/p><p><span style=\"font-weight: 400;\">T\u00e9l. : <\/span><span style=\"font-weight: 400;\">06 84 57 03 68<\/span><\/p><p><span style=\"font-weight: 400;\">E-Mail : <\/span><span style=\"font-weight: 400;\">contact@juriplus.pro<\/span><\/p><p><b>PROTECTION DES DONN\u00c9ES PERSONNELLES<\/b><\/p><p><span style=\"font-weight: 400;\">Conform\u00e9ment \u00e0 l\u00b4article 34 de la loi \u00ab Informatique et Libert\u00e9s \u00bb, vous disposez d\u00b4un droit d\u2019acc\u00e8s, de modification, de rectification et de suppression des donn\u00e9es qui vous concernent.<\/span><\/p><p><span style=\"font-weight: 400;\">Pour exercer ce droit d\u2019acc\u00e8s, adressez un email avec vos coordonn\u00e9es par l\u2019interm\u00e9diaire de notre formulaire de contact.<\/span><\/p><p><b>D\u00c9VELOPPEMENT<\/b><\/p><p><span style=\"font-weight: 400;\">Le site <\/span><strong>www.juriplus.pro<\/strong><span style=\"font-weight: 400;\"> est d\u00e9velopp\u00e9 par la soci\u00e9t\u00e9 <\/span><a href=\"https:\/\/www.izziweb.fr\"><span style=\"font-weight: 400;\">iZZi<\/span><\/a><span style=\"font-weight: 400;\"> :<\/span><\/p><p><span style=\"font-weight: 400;\">8 avenue Edouard Herriot 19100 BRIVE &#8211; 05.87.49.16.26<\/span><\/p><p><b>H\u00c9BERGEMENT<\/b><\/p><p><span style=\"font-weight: 400;\">Le site <strong>www.juriplus.pro<\/strong><\/span><span style=\"font-weight: 400;\">\u00a0est h\u00e9berg\u00e9 par la soci\u00e9t\u00e9 o2switch :<\/span><\/p><p><span style=\"font-weight: 400;\">Marque d\u00e9pos\u00e9e INPI : 09 3 645 279<\/span><\/p><p><span style=\"font-weight: 400;\">Siret : 510 909 80700024 \u2013 RCS Clermont Ferrand<\/span><\/p><p><b>Que sont les cookies ?<\/b><\/p><p><span style=\"font-weight: 400;\">Les cookies sont de petits fichiers texte ajout\u00e9s au navigateur de l\u2019ordinateur, de la tablette ou du t\u00e9l\u00e9phone portable de l\u2019utilisateur pendant qu\u2019il visite des sites Internet. Les cookies sont largement utilis\u00e9s par les sites Internet. Ils garantissent leur fonctionnement ou am\u00e9liorent la navigation, et fournissent \u00e9galement certaines informations, notamment en termes de mesure d\u2019audience, aux propri\u00e9taires de ces sites.<\/span><\/p><p><b>Comment accepter ou refuser l\u2019utilisation des cookies ?<\/b><\/p><p><span style=\"font-weight: 400;\">L\u2019utilisateur a la possibilit\u00e9 de configurer ses appareils pour qu\u2019ils acceptent tous les cookies, qu\u2019ils l\u2019informent lorsque un cookie est \u00e9mis ou qu\u2019ils n\u2019acceptent jamais aucun cookie. Cette derni\u00e8re option signifie que certains services personnalis\u00e9s ne peuvent \u00eatre fournis \u00e0 l\u2019utilisateur et, en cons\u00e9quence, l\u2019utilisateur risque de ne pas \u00eatre en mesure de profiter pleinement de toutes les fonctions offertes par le site Internet.<\/span><\/p><p><span style=\"font-weight: 400;\">Si l\u2019utilisateur ne souhaite pas recevoir de cookies de mani\u00e8re g\u00e9n\u00e9rale ou souhaite refuser uniquement certains cookies, il peut modifier les param\u00e8tres de son navigateur de mani\u00e8re appropri\u00e9e.<\/span><\/p><p><b>Des instructions sont fournies \u00e0 cet effet sur le site internet de chaque navigateur :<\/b><\/p><p><span style=\"font-weight: 400;\">Pour Internet Explorer :<\/span><\/p><p><span style=\"font-weight: 400;\">http:\/\/windows.microsoft.com\/fr-FR\/windows-vista\/Block-or-allow-cookies<\/span><\/p><p><span style=\"font-weight: 400;\">Pour Firefox :<\/span><\/p><p><span style=\"font-weight: 400;\">http:\/\/support.mozilla.org\/fr\/kb\/Activer%20et%20d%C3%A9sactiver%20les%20cookies<\/span><\/p><p><span style=\"font-weight: 400;\">Pour Safari :<\/span><\/p><p><span style=\"font-weight: 400;\">http:\/\/support.apple.com\/kb\/ht1677?viewlocale=fr_FR<\/span><\/p><p><span style=\"font-weight: 400;\">Pour Chrome :<\/span><\/p><p><span style=\"font-weight: 400;\">http:\/\/support.google.com\/chrome\/bin\/answer.py?hl=fr&amp;hlrm=en&amp;answer=95647<\/span><\/p><p><span style=\"font-weight: 400;\">Vous pouvez aussi trouver les informations n\u00e9cessaires sur le site de la Commission Nationale de l\u2019Informatique et des Libert\u00e9s (CNIL) :<\/span><\/p><p><span style=\"font-weight: 400;\">http:\/\/www.cnil.fr\/vos-droits\/vos-traces\/les-cookies\/conseils-aux-internautes\/<\/span><\/p><p><b>Comment utilisons-nous les cookies ?<\/b><\/p><p><span style=\"font-weight: 400;\">Les informations recueillies \u00e0 l\u2019aide des cookies aident <strong>www.juriplus.pro<\/strong><\/span><span style=\"font-weight: 400;\">\u00a0\u00e0 analyser l\u2019utilisation de son site Internet et lui permettent d\u2019offrir \u00e0 l\u2019utilisateur une meilleure exp\u00e9rience lors de sa visite du site. Les informations recueillies par ces cookies ne servent ni \u00e0 identifier, ni \u00e0 envoyer des messages publicitaires par e-mail ou par courrier postal \u00e0 l\u2019utilisateur.<\/span><\/p><p><b>Quels types de cookies utilisons-nous et \u00e0 quelles fins ?<\/b><\/p><p><span style=\"font-weight: 400;\"><strong>www.juriplus.pro<\/strong> peut utiliser des cookies analytiques afin d\u2019am\u00e9liorer la performance du site Internet, en recueillant uniquement les donn\u00e9es de connexion relatives \u00e0 la date, l\u2019heure, l\u2019adresse Internet, le protocole du terminal de l\u2019utilisateur ainsi que la page consult\u00e9e. <strong>www.juriplus.pro<\/strong><\/span><span style=\"font-weight: 400;\"> ne c\u00e8de aucune de ces donn\u00e9es \u00e0 des tiers, ne les r\u00e9utilise pas pour d\u2019autres finalit\u00e9s, ne les recoupe pas avec d\u2019autres traitements y compris de fichiers clients, et ne le conserve en aucune mani\u00e8re pour une dur\u00e9e sup\u00e9rieure \u00e0 treize mois. En tout \u00e9tat de cause, il se peut que <strong>www.juriplus.pro<\/strong><\/span><span style=\"font-weight: 400;\">\u00a0utilise les outils analytiques de Google Analytics et les cookies qui y sont associ\u00e9s : cliquez ici pour consulter la politique de confidentialit\u00e9 de Google Analytics<\/span><\/p><p><span style=\"font-weight: 400;\">A cet effet, les donn\u00e9es de connexion de l\u2019utilisateur peuvent faire l\u2019objet d\u2019un transfert \u00e0 destination de ce ou, le cas \u00e9ch\u00e9ant, de ces fournisseurs. Situ\u00e9s aux Etats-Unis, ces derniers ont certifi\u00e9 \u00eatre en conformit\u00e9 avec les r\u00e8gles applicables au dispositif de Safe Harbor du Minist\u00e8re du Commerce des Etats-Unis, permettant qu\u2019un tel transfert soit consid\u00e9r\u00e9 comme garantissant un niveau suffisant de protection des donn\u00e9es \u00e0 caract\u00e8re personnel, conform\u00e9ment \u00e0 la d\u00e9cision de la Commission europ\u00e9enne n\u00b02000\/520\/CE en date du 26 juillet 2000.<\/span><\/p><p><span style=\"font-weight: 400;\">L\u2019utilisateur peut toutefois s\u2019opposer \u00e0 ces diff\u00e9rentes op\u00e9rations en configurant son navigateur, tel qu\u2019Internet Explorer ou Firefox, en suivant les instructions, indiqu\u00e9es \u00e9galement ci-dessus, qui lui sont fournies \u00e0 cet effet sur le site Internet de son navigateur ou, \u00e0 d\u00e9faut, sur celui de la Commission Nationale de l\u2019Informatique et des Libert\u00e9s (CNIL). En cas d\u2019exercice de son droit d\u2019opposition, <strong>www.juriplus.pro<\/strong><\/span><span style=\"font-weight: 400;\">\u00a0confirme qu\u2019aucune donn\u00e9e de connexion ne sera transmise \u00e0 un quelconque fournisseur d\u2019outils d\u2019analyse d\u2019audience. L\u2019utilisateur dispose enfin d\u2019un droit d\u2019acc\u00e8s aux donn\u00e9es le concernant qu\u2019il peut exercer en contactant le fournisseur concern\u00e9, en pr\u00e9cisant le num\u00e9ro identifiant du cookie qui lui sera attribu\u00e9 par ces derniers.<\/span><\/p>\t\t\t\t\t\t\t\t<\/div>\n\t\t\t\t<\/div>\n\t\t\t\t\t<\/div>\n\t\t<\/div>\n\t\t\t\t\t<\/div>\n\t\t<\/section>\n\t\t\t\t<\/div>\n\t\t","protected":false},"excerpt":{"rendered":"<p>Mentions L\u00e9gales Le pr\u00e9sent site est la propri\u00e9t\u00e9 de : Juri Plus T\u00e9l. : 06 84 57 03 68 E-Mail : contact@juriplus.pro PROTECTION DES DONN\u00c9ES PERSONNELLES Conform\u00e9ment \u00e0 l\u00b4article 34 de la loi \u00ab Informatique et Libert\u00e9s \u00bb, vous disposez d\u00b4un droit d\u2019acc\u00e8s, de modification, de rectification et de suppression des donn\u00e9es qui vous concernent. [&hellip;]<\/p>\n","protected":false},"author":1,"featured_media":0,"parent":0,"menu_order":0,"comment_status":"closed","ping_status":"closed","template":"","meta":{"footnotes":""},"class_list":["post-3","page","type-page","status-publish","hentry"],"_links":{"self":[{"href":"https:\/\/www.juriplus.pro\/index.php\/wp-json\/wp\/v2\/pages\/3","targetHints":{"allow":["GET"]}}],"collection":[{"href":"https:\/\/www.juriplus.pro\/index.php\/wp-json\/wp\/v2\/pages"}],"about":[{"href":"https:\/\/www.juriplus.pro\/index.php\/wp-json\/wp\/v2\/types\/page"}],"author":[{"embeddable":true,"href":"https:\/\/www.juriplus.pro\/index.php\/wp-json\/wp\/v2\/users\/1"}],"replies":[{"embeddable":true,"href":"https:\/\/www.juriplus.pro\/index.php\/wp-json\/wp\/v2\/comments?post=3"}],"version-history":[{"count":20,"href":"https:\/\/www.juriplus.pro\/index.php\/wp-json\/wp\/v2\/pages\/3\/revisions"}],"predecessor-version":[{"id":557,"href":"https:\/\/www.juriplus.pro\/index.php\/wp-json\/wp\/v2\/pages\/3\/revisions\/557"}],"wp:attachment":[{"href":"https:\/\/www.juriplus.pro\/index.php\/wp-json\/wp\/v2\/media?parent=3"}],"curies":[{"name":"wp","href":"https:\/\/api.w.org\/{rel}","templated":true}]}}